{"id":2971,"date":"2019-02-13T17:39:11","date_gmt":"2019-02-13T15:39:11","guid":{"rendered":"https:\/\/www.fultek.com.tr\/?page_id=2971"},"modified":"2025-11-17T13:55:37","modified_gmt":"2025-11-17T11:55:37","slug":"plc-zero","status":"publish","type":"page","link":"https:\/\/www.fultek.com.tr\/Deneme\/plc\/plc-zero\/","title":{"rendered":"PLC Zero"},"content":{"rendered":"\n<figure class=\"wp-block-image\"><img loading=\"lazy\" decoding=\"async\" width=\"1024\" height=\"563\" src=\"https:\/\/www.fultek.com.tr\/wp-content\/uploads\/2019\/01\/PLC_ZERO-1024x563.jpg\" alt=\"\" class=\"wp-image-2912\" srcset=\"https:\/\/www.fultek.com.tr\/Deneme\/wp-content\/uploads\/2019\/01\/PLC_ZERO.jpg 1024w, https:\/\/www.fultek.com.tr\/Deneme\/wp-content\/uploads\/2019\/01\/PLC_ZERO-300x165.jpg 300w, https:\/\/www.fultek.com.tr\/Deneme\/wp-content\/uploads\/2019\/01\/PLC_ZERO-768x422.jpg 768w\" sizes=\"auto, (max-width: 1024px) 100vw, 1024px\" \/><figcaption class=\"wp-element-caption\">Fulmatic 7 PLC geli\u015ftirme kiti PLC Zero. $15<\/figcaption><\/figure>\n\n\n\n<h2 class=\"wp-block-heading\">Plc Programlamay\u0131 \u00d6\u011frenmek \u0130\u00e7in<\/h2>\n\n\n\n<p>Fulmatic 7 PLC&#8217;lerin en k\u00fc\u00e7\u00fck CPU mod\u00fcl\u00fc PLC Zero. Plc programlamay\u0131 \u00f6\u011frenmek veya kendi PLC&#8217;nizi yapmak i\u00e7in kullanabilirsiniz. Fulmatic 7 PLC&#8217;lerin t\u00fcm \u00f6zelliklerini her hangi bir k\u0131s\u0131tlama olmadan kullanabilirsiniz. <strong>Fulmatic SOFT Program\u0131 lisans gereksinimi olmadan kullanabilirsiniz.&nbsp;<\/strong>Her hangi bir korumas\u0131 olmad\u0131\u011f\u0131 ve a\u00e7\u0131k olarak sat\u0131ld\u0131\u011f\u0131 i\u00e7in kullan\u0131c\u0131 hatas\u0131ndan dolay\u0131 bozulmas\u0131 m\u00fcmk\u00fcnd\u00fcr. Bu nedenle garantisiz olarak sat\u0131l\u0131r. Maduriyet olu\u015fmamas\u0131 i\u00e7in %100 test ediyor ve t\u00fcm fonksiyonlar\u0131n\u0131n \u00e7al\u0131\u015ft\u0131\u011f\u0131ndan emin olarak sevk ediyoruz.<\/p>\n\n\n\n<h2 class=\"wp-block-heading\">STM32 PLC Geli\u015ftirme Kart\u0131<\/h2>\n\n\n\n<p>PLC Zero sat\u0131n ald\u0131\u011f\u0131n\u0131zda Fulmatic SOFT firmware&#8217;i y\u00fckl\u00fc olarak gelir. Fakat PLC olarak kullanmak zorunda de\u011filsiniz. STM 32 Geli\u015ftirme kiti olarak da kullanabilirsiniz. <strong>Unutmay\u0131n\u0131z! \u00fcr\u00fcn\u00fc teslim ald\u0131\u011f\u0131n\u0131zda bizim taraf\u0131m\u0131zdan y\u00fcklenen firmware ile gelir. Fakat firmware&#8217;i de\u011fi\u015ftirseniz art\u0131k geri d\u00f6n\u00fc\u015f\u00fc olmaz. STM32f407VGT6 i\u00e7in haz\u0131rlad\u0131\u011f\u0131m\u0131z firmware\u2019i sitemizden indirip tekrar PLC olarak kullanabilirsiniz. Fakat 2 KB&#8217;dan daha b\u00fcy\u00fck plc kodu yazamazs\u0131n\u0131z. Oysa&nbsp;ilk&nbsp;teslim&nbsp;ald\u0131\u011f\u0131n\u0131zda&nbsp;y\u00fckl\u00fc&nbsp;olan&nbsp;firmware&nbsp;ile&nbsp;115&nbsp;KB&nbsp;PLC&nbsp;kodu&nbsp;yazabilirsiniz.<\/strong> <\/p>\n\n\n\n<p>STM32F407 Read\/Write korumal\u0131 olarak size gelecektir. Kendi haz\u0131rlad\u0131\u011f\u0131n\u0131z firmware&#8217;i y\u00fcklemek i\u00e7in ST-Link veya kulland\u0131\u011f\u0131n\u0131z programlay\u0131c\u0131 ile &#8220;option byte&#8221; s\u0131f\u0131rlaman\u0131z gerekir.<\/p>\n\n\n\n<p>Fulmatic SOFT Firmware hex dosyas\u0131n\u0131&nbsp;<a href=\"https:\/\/www.fultek.com.tr\/ArmFirmwareDownload.html\">buradan<\/a>&nbsp;indirebilirsiniz. <\/p>\n\n\n\n<p>\u00d6nerilen devre \u015femas\u0131 i\u00e7in&nbsp;<a href=\"https:\/\/www.fultek.com.tr\/Download\/ArmBoardSchematic.PDF\">t\u0131klay\u0131n\u0131z<\/a>. CPU ZERO devre \u015femas\u0131 i\u00e7in&nbsp;<a href=\"https:\/\/www.fultek.com.tr\/Download\/CPU_Zero.PDF\">t\u0131klay\u0131n\u0131z<\/a>. CPU ZERO \u00f6l\u00e7\u00fcleri i\u00e7in <a href=\"https:\/\/www.fultek.com.tr\/Download\/PlcZeroSize.PDF\">t\u0131klay\u0131n\u0131z<\/a>.<\/p>\n\n\n\n<figure class=\"wp-block-image\"><img loading=\"lazy\" decoding=\"async\" width=\"852\" height=\"341\" src=\"https:\/\/www.fultek.com.tr\/wp-content\/uploads\/2018\/12\/STM32F407_Pinout.png\" alt=\"\" class=\"wp-image-2559\" srcset=\"https:\/\/www.fultek.com.tr\/Deneme\/wp-content\/uploads\/2018\/12\/STM32F407_Pinout.png 852w, https:\/\/www.fultek.com.tr\/Deneme\/wp-content\/uploads\/2018\/12\/STM32F407_Pinout-300x120.png 300w, https:\/\/www.fultek.com.tr\/Deneme\/wp-content\/uploads\/2018\/12\/STM32F407_Pinout-768x307.png 768w\" sizes=\"auto, (max-width: 852px) 100vw, 852px\" \/><figcaption class=\"wp-element-caption\">STM32F407 Pinout<\/figcaption><\/figure>\n\n\n\n<h2 class=\"wp-block-heading\">Genel \u00d6zellikleri<\/h2>\n\n\n\n<ul class=\"wp-block-list\">\n<li>T\u00fcm giri\u015f \u00e7\u0131k\u0131\u015flar 3.3 V. ve korumas\u0131zd\u0131r. Pin ak\u0131mlar\u0131 ve di\u011fer bilgiler i\u00e7in STM32F407 datasheet&#8217;ini okuyunuz.<\/li>\n\n\n\n<li>Besleme usb ile yap\u0131l\u0131r. Pinler \u00fczerinden 5v veya 3.3v ile besleme yap\u0131labilir.<\/li>\n\n\n\n<li>Toplam 42 Giri\u015f\/\u00c7\u0131k\u0131\u015f bulunur. <\/li>\n\n\n\n<li>8 adet 200KHz Dijital giri\u015f bulunur. Similasyonu i\u00e7in 3 adet buton(I 0.0-I 0.2) vard\u0131r. <\/li>\n\n\n\n<li>8 adet 655KHz Dijital \u00e7\u0131k\u0131\u015f bulunur. Similasyonu i\u00e7in 3 adet led(Q 0.0-Q0.2) vard\u0131r. \u00c7\u0131k\u0131\u015f ak\u0131m\u0131 maksimum 5 ma. olarak kullan\u0131lmal\u0131d\u0131r.<\/li>\n\n\n\n<li> 8 adet 12 Bit Analog giri\u015f bulunur. Similasyonu i\u00e7in 1 adet trimpot(AI 0) vard\u0131r. <\/li>\n\n\n\n<li>2 adet 12 Bit Analog \u00e7\u0131k\u0131\u015f bulunur. \u00c7\u0131k\u0131\u015f ak\u0131m\u0131 maksimum 5 ma. olarak kullan\u0131lmal\u0131d\u0131r. <\/li>\n\n\n\n<li>16 adet Dijital input veya output olarak se\u00e7ilebilen pin vard\u0131r. \u00c7\u0131k\u0131\u015f ak\u0131m\u0131 maksimum 5 ma. olarak kullan\u0131lmal\u0131d\u0131r. <\/li>\n\n\n\n<li>Power ledi, Plc Run ve Plc stop ledleri bulunur.<\/li>\n\n\n\n<li>10\/100 mbit full dublex ethernet.<\/li>\n\n\n\n<li>2 adet Rs485 veya Rs232 bulunur. Fakat transceiver devresini siz yapmal\u0131s\u0131n\u0131z.<\/li>\n<\/ul>\n\n\n\n<h2 class=\"wp-block-heading\">PLC Olarak Kullan\u0131ld\u0131\u011f\u0131nda \u00d6zellikleri<\/h2>\n\n\n\n<p>115 KB. program haf\u0131zas\u0131, 1 adet 10\/100 MBit full dublex Ethernet, Modbus TCP, 512KB dosya alan\u0131na sahip web server, 2 adet seri port, Modbus RTU. 8 adet 200 KHz. dijital giri\u015f ve 8 adet 655 KHz. dijital \u00e7\u0131k\u0131\u015f, 8 adet 12 Bit Analog giri\u015f, 2 Analog \u00e7\u0131k\u0131\u015f ve 16 adet se\u00e7ilebilir dijital giri\u015f veya \u00e7\u0131k\u0131\u015f.&nbsp;<\/p>\n\n\n\n<h2 class=\"wp-block-heading\"> Pratik Bilgiler<\/h2>\n\n\n\n<ul class=\"wp-block-list\">\n<li>Hi\u00e7bir korumas\u0131 olmayan PLC Zero statik elektrik nedeni ile bozulabilir. Enerjili veya enerjisiz olsa da \u00e7\u0131plak el ile pin&#8217;lere veya pcb&#8217;ye dokunmay\u0131n\u0131z.<\/li>\n\n\n\n<li>Y\u00fckledi\u011finiz PLC kodu ve Datablok de\u011fi\u015fkenlerinin de\u011ferleri PLC enerjisi kesildi\u011finde s\u0131f\u0131rlanacakt\u0131r. \u00c7\u00fcnk\u00fc PLC&#8217;nin enerjisinin kesildi\u011fini alg\u0131layan SD Detect pini bo\u015ftad\u0131r. Manual kay\u0131t i\u00e7in SD Detect pin&#8217;ini gnd ile birle\u015ftirebilirsiniz. SD Detect pini J2 30 nolu pin&#8217;dir.<\/li>\n\n\n\n<li>PLC Zero ile kendi PLC&#8217;nizi yapmak istedi\u011finizde J1 ve J2 pinleri kart\u0131n arka y\u00fcz\u00fcne tak\u0131lmas\u0131 gerekebilir. Sipari\u015finizde belirtti\u011finiz taktirde dip malzemeleri lehimlemeden g\u00f6nderebiliriz.<\/li>\n\n\n\n<li>USB ba\u011flant\u0131s\u0131 sadece power i\u00e7in kullan\u0131lmaktad\u0131r. Di\u011fer usb fonksiyonlar\u0131n\u0131 desteklemez.<\/li>\n\n\n\n<li>PLC Zero&#8217;da ger\u00e7ek zaman saati bulunur fakat pil yoktur. Pil takmak istedi\u011finizde R13 direncini s\u00f6kmelisiniz. 3.2v pili J2 24 nolu pine ba\u011flayabilirsiniz.<\/li>\n\n\n\n<li>Chip analog beslemesi 3.3v ile yap\u0131l\u0131r. Farkl\u0131 bir analog beslemesi i\u00e7in R15 direncini s\u00f6k\u00fcn\u00fcz. J2 22 nolu pinden analog besleme voltaj\u0131n\u0131 verebilirsiniz. Analog besleme voltaj\u0131 3.3v&#8217;dan b\u00fcy\u00fck olamaz. Ve GND ortak olmak zorundad\u0131r.<\/li>\n\n\n\n<li>Ayn\u0131 a\u011fa birden \u00e7ok PLC Zero ba\u011flant\u0131s\u0131 yap\u0131lacak ise, PLC Zero&#8217;lar\u0131n MAC adreslerinini de\u011fi\u015fmesi gerekir. Bunun i\u00e7in   PLC ile online olun ve DB0 i\u00e7erisinde MAC adreslerinin son bayt\u0131n\u0131 de\u011fi\u015ftirin.  Ofline olun. PLC donan\u0131m ayarlar\u0131ndan IP adresini de\u011fi\u015ftirin ve PLC&#8217;ye y\u00fckleyin. Bu ayarlar\u0131n kal\u0131c\u0131 olmas\u0131 i\u00e7in J2 30 nolu SD detect pinini gnd ile birle\u015ftirin. PLC stop\u2019a ge\u00e7ecek. Daha sonra enerjiyi kesip tekrar verin.<\/li>\n<\/ul>\n\n\n\n<h2 class=\"wp-block-heading\">PLC ile Online olma<\/h2>\n\n\n\n<p><a href=\"https:\/\/youtu.be\/OzFdvuSgFBU\" target=\"_blank\" aria-label=\"undefined (opens in a new tab)\" rel=\"noreferrer noopener\"><img loading=\"lazy\" decoding=\"async\" width=\"50\" height=\"28\" class=\"wp-image-3331\" style=\"width: 50px;\" src=\"https:\/\/www.fultek.com.tr\/wp-content\/uploads\/2020\/08\/Youtube-e1596706899538.png\" alt=\"\"><\/a>PLC ile online olma hakk\u0131nda Sn. Bilal Karaman hocam\u0131z\u0131n e\u011fitim videousunu <a href=\"https:\/\/youtu.be\/OzFdvuSgFBU\" target=\"_blank\" aria-label=\"undefined (opens in a new tab)\" rel=\"noreferrer noopener\">buradan<\/a> izleyebilirsiniz.<\/p>\n\n\n\n<p>PLC Zero default olarak 192.168.0.10 IP adresi ile size ula\u015facakt\u0131r. <\/p>\n\n\n\n<p>PLC Zero&#8217;yu bilgisayar\u0131n\u0131z ile arada swi\u00e7 olmadan ba\u011flayabilirsiniz. Bilgisayar\u0131n\u0131z\u0131n IP adresini ilk \u00fc\u00e7 byte (192.168.0.XXX) ayn\u0131, son byte farkl\u0131 olacak \u015fekilde ayarlamal\u0131s\u0131n\u0131z.<\/p>\n\n\n\n<p>PLC Zero&#8217;yu swi\u00e7&#8217;e ba\u011flayarak haberle\u015fmek i\u00e7in a\u011f\u0131n\u0131z\u0131n ilk \u00fc\u00e7 byte&#8217;\u0131 (192.168.0.XXX) PLC Zero IP adresi ile ayn\u0131 olmal\u0131d\u0131r ve Zero&#8217;nun IP adresi ile \u00e7ak\u0131\u015fan ba\u015fka cihaz a\u011f\u0131n\u0131zda bulunmamal\u0131d\u0131r.<\/p>\n\n\n\n<p>A\u011f\u0131n\u0131z\u0131n ilk \u00fc\u00e7 byte&#8217;\u0131 192.168.0.XXX&#8217;den farkl\u0131 ise PLC Zero&#8217;yu bilgisayar\u0131n\u0131z ile direkt ba\u011flay\u0131p PLC Zero&#8217;nun IP adresini de\u011fi\u015ftirmelisiniz. Fulmatic SOFT program\u0131nda donan\u0131m ayarlar\u0131ndan PLC Zero&#8217;nun IP adresini de\u011fi\u015ftirebilirsiniz. IP adresini de\u011fi\u015ftirdikten sonra donan\u0131m ayarlar\u0131n\u0131 PLC Zero&#8217;ya y\u00fcklemelisiniz. PLC Zero enerjisi kesilirken otomatik kay\u0131t yapmad\u0131\u011f\u0131 i\u00e7in ayarlar\u0131n kal\u0131c\u0131 olmas\u0131n\u0131 manual kay\u0131t yaparak sa\u011flamal\u0131s\u0131n\u0131z. Manual kay\u0131t i\u00e7in SD Detect pin&#8217;ini gnd ile birle\u015ftirebilirsiniz. SD Detect pini J2 30 nolu pin&#8217;dir. <\/p>\n\n\n\n<h2 class=\"wp-block-heading\"> Bilgisayar\u0131n IP adresini de\u011fi\u015ftirme :<\/h2>\n\n\n\n<figure class=\"wp-block-gallery has-nested-images columns-default is-cropped wp-block-gallery-1 is-layout-flex wp-block-gallery-is-layout-flex\">\n<figure class=\"wp-block-image size-large\"><img loading=\"lazy\" decoding=\"async\" width=\"643\" height=\"415\" data-id=\"3236\" src=\"https:\/\/www.fultek.com.tr\/wp-content\/uploads\/2019\/10\/Resim1.png\" alt=\"\" class=\"wp-image-3236\" srcset=\"https:\/\/www.fultek.com.tr\/Deneme\/wp-content\/uploads\/2019\/10\/Resim1.png 643w, https:\/\/www.fultek.com.tr\/Deneme\/wp-content\/uploads\/2019\/10\/Resim1-300x194.png 300w\" sizes=\"auto, (max-width: 643px) 100vw, 643px\" \/><\/figure>\n\n\n\n<figure class=\"wp-block-image size-large\"><img loading=\"lazy\" decoding=\"async\" width=\"792\" height=\"651\" data-id=\"3237\" src=\"https:\/\/www.fultek.com.tr\/wp-content\/uploads\/2019\/10\/Resim2.png\" alt=\"\" class=\"wp-image-3237\" srcset=\"https:\/\/www.fultek.com.tr\/Deneme\/wp-content\/uploads\/2019\/10\/Resim2.png 792w, https:\/\/www.fultek.com.tr\/Deneme\/wp-content\/uploads\/2019\/10\/Resim2-300x247.png 300w, https:\/\/www.fultek.com.tr\/Deneme\/wp-content\/uploads\/2019\/10\/Resim2-768x631.png 768w\" sizes=\"auto, (max-width: 792px) 100vw, 792px\" \/><\/figure>\n\n\n\n<figure class=\"wp-block-image size-large\"><img loading=\"lazy\" decoding=\"async\" width=\"759\" height=\"318\" data-id=\"3238\" src=\"https:\/\/www.fultek.com.tr\/wp-content\/uploads\/2019\/10\/Resim3.png\" alt=\"\" class=\"wp-image-3238\" srcset=\"https:\/\/www.fultek.com.tr\/Deneme\/wp-content\/uploads\/2019\/10\/Resim3.png 759w, https:\/\/www.fultek.com.tr\/Deneme\/wp-content\/uploads\/2019\/10\/Resim3-300x126.png 300w\" sizes=\"auto, (max-width: 759px) 100vw, 759px\" \/><\/figure>\n\n\n\n<figure class=\"wp-block-image size-large\"><img loading=\"lazy\" decoding=\"async\" width=\"727\" height=\"468\" data-id=\"3239\" src=\"https:\/\/www.fultek.com.tr\/wp-content\/uploads\/2019\/10\/Resim4.png\" alt=\"\" class=\"wp-image-3239\" srcset=\"https:\/\/www.fultek.com.tr\/Deneme\/wp-content\/uploads\/2019\/10\/Resim4.png 727w, https:\/\/www.fultek.com.tr\/Deneme\/wp-content\/uploads\/2019\/10\/Resim4-300x193.png 300w\" sizes=\"auto, (max-width: 727px) 100vw, 727px\" \/><\/figure>\n\n\n\n<figure class=\"wp-block-image size-large\"><img loading=\"lazy\" decoding=\"async\" width=\"402\" height=\"454\" data-id=\"3240\" src=\"https:\/\/www.fultek.com.tr\/wp-content\/uploads\/2019\/10\/Resim5.png\" alt=\"\" class=\"wp-image-3240\" srcset=\"https:\/\/www.fultek.com.tr\/Deneme\/wp-content\/uploads\/2019\/10\/Resim5.png 402w, https:\/\/www.fultek.com.tr\/Deneme\/wp-content\/uploads\/2019\/10\/Resim5-266x300.png 266w\" sizes=\"auto, (max-width: 402px) 100vw, 402px\" \/><\/figure>\n<\/figure>\n\n\n\n<p><\/p>\n\n\n\n<p>Fulmatic SOFT Program\u0131n\u0131 <a href=\"https:\/\/www.fultek.com.tr\/programlar\/fulmatic-soft\/\">buradan <\/a>indirebilirsiniz.<\/p>\n\n\n\n<p>T\u00fcm PLC mod\u00fcllerimizi g\u00f6rmek i\u00e7in <a href=\"https:\/\/www.fultek.com.tr\/plc\/\">t\u0131klay\u0131n\u0131z<\/a>.<\/p>\n\n\n\n<p>PLC Zero sat\u0131n almak i\u00e7in <a href=\"https:\/\/www.fultek.com.tr\/magaza\/urun\/plc-cpu-zero-sc-03210-00-00\/\">t\u0131klay\u0131n\u0131z<\/a>.<\/p>\n\n\n\n<figure class=\"wp-block-embed is-type-video is-provider-youtube wp-block-embed-youtube wp-embed-aspect-16-9 wp-has-aspect-ratio\"><div class=\"wp-block-embed__wrapper\">\n<iframe loading=\"lazy\" title=\"Development Board Of Plc\" width=\"720\" height=\"405\" src=\"https:\/\/www.youtube.com\/embed\/t25Mbca1cm0?feature=oembed\" frameborder=\"0\" allow=\"accelerometer; autoplay; clipboard-write; encrypted-media; gyroscope; picture-in-picture; web-share\" referrerpolicy=\"strict-origin-when-cross-origin\" allowfullscreen><\/iframe>\n<\/div><\/figure>\n","protected":false},"excerpt":{"rendered":"<p>Fulmatic 7 PLC&#8217;lerin en k\u00fc\u00e7\u00fck CPU mod\u00fcl\u00fc PLC Zero. Plc programlamay\u0131 \u00f6\u011frenmek veya kendi PLC&#8217;nizi yapmak i\u00e7in kullanabilirsiniz. Fulmatic 7 PLC&#8217;lerin t\u00fcm \u00f6zelliklerini her hangi bir k\u0131s\u0131tlama olmadan kullanabilirsiniz.<\/p>\n","protected":false},"author":1,"featured_media":2912,"parent":2354,"menu_order":5,"comment_status":"open","ping_status":"closed","template":"page-full.php","meta":{"_kad_blocks_custom_css":"","_kad_blocks_head_custom_js":"","_kad_blocks_body_custom_js":"","_kad_blocks_footer_custom_js":"","_kad_post_transparent":"","_kad_post_title":"","_kad_post_layout":"","_kad_post_sidebar_id":"","_kad_post_content_style":"","_kad_post_vertical_padding":"","_kad_post_feature":"","_kad_post_feature_position":"","_kad_post_header":false,"_kad_post_footer":false,"_kad_post_classname":"","footnotes":""},"class_list":["post-2971","page","type-page","status-publish","has-post-thumbnail","hentry"],"taxonomy_info":[],"featured_image_src_large":["https:\/\/www.fultek.com.tr\/Deneme\/wp-content\/uploads\/2019\/01\/PLC_ZERO-1024x563.jpg",1024,563,true],"author_info":{"display_name":"Scada","author_link":"https:\/\/www.fultek.com.tr\/Deneme\/author\/salih\/"},"comment_info":2,"_links":{"self":[{"href":"https:\/\/www.fultek.com.tr\/Deneme\/wp-json\/wp\/v2\/pages\/2971","targetHints":{"allow":["GET"]}}],"collection":[{"href":"https:\/\/www.fultek.com.tr\/Deneme\/wp-json\/wp\/v2\/pages"}],"about":[{"href":"https:\/\/www.fultek.com.tr\/Deneme\/wp-json\/wp\/v2\/types\/page"}],"author":[{"embeddable":true,"href":"https:\/\/www.fultek.com.tr\/Deneme\/wp-json\/wp\/v2\/users\/1"}],"replies":[{"embeddable":true,"href":"https:\/\/www.fultek.com.tr\/Deneme\/wp-json\/wp\/v2\/comments?post=2971"}],"version-history":[{"count":28,"href":"https:\/\/www.fultek.com.tr\/Deneme\/wp-json\/wp\/v2\/pages\/2971\/revisions"}],"predecessor-version":[{"id":4934,"href":"https:\/\/www.fultek.com.tr\/Deneme\/wp-json\/wp\/v2\/pages\/2971\/revisions\/4934"}],"up":[{"embeddable":true,"href":"https:\/\/www.fultek.com.tr\/Deneme\/wp-json\/wp\/v2\/pages\/2354"}],"wp:featuredmedia":[{"embeddable":true,"href":"https:\/\/www.fultek.com.tr\/Deneme\/wp-json\/wp\/v2\/media\/2912"}],"wp:attachment":[{"href":"https:\/\/www.fultek.com.tr\/Deneme\/wp-json\/wp\/v2\/media?parent=2971"}],"curies":[{"name":"wp","href":"https:\/\/api.w.org\/{rel}","templated":true}]}}