{"id":906,"date":"2021-01-26T10:18:52","date_gmt":"2021-01-26T07:18:52","guid":{"rendered":"https:\/\/www.fultek.com.tr\/magaza\/?post_type=product&#038;p=906"},"modified":"2025-10-08T19:13:14","modified_gmt":"2025-10-08T16:13:14","slug":"10-1-basic-rtp-hmi-pn-10ar02-00","status":"publish","type":"product","link":"https:\/\/www.fultek.com.tr\/magaza\/urun\/10-1-basic-rtp-hmi-pn-10ar02-00\/","title":{"rendered":"10.1&#8243; Basic RTP HMI (PN-10AR02-00)"},"content":{"rendered":"<h3>Focus HMI<\/h3>\n<p>Ethernet: Kablolu<\/p>\n<p>Rs485: 2 Adet<\/p>\n<p>Usb: 1 Adet<\/p>\n<p>Ger\u00e7ek Zaman Saati: Var<\/p>\n<p>Buzzer: Var<\/p>\n<p>&nbsp;<\/p>\n<p><a href=\"https:\/\/www.fultek.com.tr\/hmi\/\"><strong>Focus HMI t\u00fcm \u00f6zellikleri g\u00f6rmek i\u00e7in t\u0131klay\u0131n\u0131z.<\/strong><\/a><\/p>\n","protected":false},"excerpt":{"rendered":"<p>Focus HMI &#8211; 10.1 in\u00e7 Basic RTP (PN-10AR02-00)<\/p>\n","protected":false},"featured_media":901,"comment_status":"open","ping_status":"closed","template":"","meta":[],"product_brand":[],"product_cat":[38],"product_tag":[],"class_list":{"0":"post-906","1":"product","2":"type-product","3":"status-publish","4":"has-post-thumbnail","6":"product_cat-hmi","8":"first","9":"outofstock","10":"sale","11":"taxable","12":"shipping-taxable","13":"purchasable","14":"product-type-simple"},"yoast_head":"<!-- This site is optimized with the Yoast SEO plugin v27.5 - https:\/\/yoast.com\/product\/yoast-seo-wordpress\/ -->\n<title>10.1&quot; Basic RTP HMI (PN-10AR02-00) - FULTEK Market<\/title>\n<meta name=\"robots\" content=\"index, follow, max-snippet:-1, max-image-preview:large, max-video-preview:-1\" \/>\n<link rel=\"canonical\" href=\"https:\/\/www.fultek.com.tr\/magaza\/urun\/10-1-basic-rtp-hmi-pn-10ar02-00\/\" \/>\n<meta property=\"og:locale\" content=\"tr_TR\" \/>\n<meta property=\"og:type\" content=\"article\" \/>\n<meta property=\"og:title\" content=\"10.1&quot; Basic RTP HMI (PN-10AR02-00) - FULTEK Market\" \/>\n<meta property=\"og:description\" content=\"Focus HMI - 10.1 in\u00e7 Basic RTP (PN-10AR02-00)\" \/>\n<meta property=\"og:url\" content=\"https:\/\/www.fultek.com.tr\/magaza\/urun\/10-1-basic-rtp-hmi-pn-10ar02-00\/\" \/>\n<meta property=\"og:site_name\" content=\"FULTEK Market\" \/>\n<meta property=\"article:modified_time\" content=\"2025-10-08T16:13:14+00:00\" \/>\n<meta property=\"og:image\" content=\"https:\/\/www.fultek.com.tr\/magaza\/wp-content\/uploads\/2021\/01\/4-1024x766-1.jpg\" \/>\n\t<meta property=\"og:image:width\" content=\"1024\" \/>\n\t<meta property=\"og:image:height\" content=\"766\" \/>\n\t<meta property=\"og:image:type\" content=\"image\/jpeg\" \/>\n<meta name=\"twitter:card\" content=\"summary_large_image\" \/>\n<meta name=\"twitter:label1\" content=\"Tahmini okuma s\u00fcresi\" \/>\n\t<meta name=\"twitter:data1\" content=\"1 dakika\" \/>\n<script type=\"application\/ld+json\" class=\"yoast-schema-graph\">{\"@context\":\"https:\\\/\\\/schema.org\",\"@graph\":[{\"@type\":\"WebPage\",\"@id\":\"https:\\\/\\\/www.fultek.com.tr\\\/magaza\\\/urun\\\/10-1-basic-rtp-hmi-pn-10ar02-00\\\/\",\"url\":\"https:\\\/\\\/www.fultek.com.tr\\\/magaza\\\/urun\\\/10-1-basic-rtp-hmi-pn-10ar02-00\\\/\",\"name\":\"10.1\\\" Basic RTP HMI (PN-10AR02-00) - FULTEK Market\",\"isPartOf\":{\"@id\":\"https:\\\/\\\/www.fultek.com.tr\\\/magaza\\\/#website\"},\"primaryImageOfPage\":{\"@id\":\"https:\\\/\\\/www.fultek.com.tr\\\/magaza\\\/urun\\\/10-1-basic-rtp-hmi-pn-10ar02-00\\\/#primaryimage\"},\"image\":{\"@id\":\"https:\\\/\\\/www.fultek.com.tr\\\/magaza\\\/urun\\\/10-1-basic-rtp-hmi-pn-10ar02-00\\\/#primaryimage\"},\"thumbnailUrl\":\"https:\\\/\\\/www.fultek.com.tr\\\/magaza\\\/wp-content\\\/uploads\\\/2021\\\/01\\\/4-1024x766-1.jpg\",\"datePublished\":\"2021-01-26T07:18:52+00:00\",\"dateModified\":\"2025-10-08T16:13:14+00:00\",\"breadcrumb\":{\"@id\":\"https:\\\/\\\/www.fultek.com.tr\\\/magaza\\\/urun\\\/10-1-basic-rtp-hmi-pn-10ar02-00\\\/#breadcrumb\"},\"inLanguage\":\"tr\",\"potentialAction\":[{\"@type\":\"ReadAction\",\"target\":[\"https:\\\/\\\/www.fultek.com.tr\\\/magaza\\\/urun\\\/10-1-basic-rtp-hmi-pn-10ar02-00\\\/\"]}]},{\"@type\":\"ImageObject\",\"inLanguage\":\"tr\",\"@id\":\"https:\\\/\\\/www.fultek.com.tr\\\/magaza\\\/urun\\\/10-1-basic-rtp-hmi-pn-10ar02-00\\\/#primaryimage\",\"url\":\"https:\\\/\\\/www.fultek.com.tr\\\/magaza\\\/wp-content\\\/uploads\\\/2021\\\/01\\\/4-1024x766-1.jpg\",\"contentUrl\":\"https:\\\/\\\/www.fultek.com.tr\\\/magaza\\\/wp-content\\\/uploads\\\/2021\\\/01\\\/4-1024x766-1.jpg\",\"width\":1024,\"height\":766},{\"@type\":\"BreadcrumbList\",\"@id\":\"https:\\\/\\\/www.fultek.com.tr\\\/magaza\\\/urun\\\/10-1-basic-rtp-hmi-pn-10ar02-00\\\/#breadcrumb\",\"itemListElement\":[{\"@type\":\"ListItem\",\"position\":1,\"name\":\"Ana sayfa\",\"item\":\"https:\\\/\\\/www.fultek.com.tr\\\/magaza\\\/\"},{\"@type\":\"ListItem\",\"position\":2,\"name\":\"Sanal Ma\u011faza\",\"item\":\"https:\\\/\\\/www.fultek.com.tr\\\/magaza\\\/\"},{\"@type\":\"ListItem\",\"position\":3,\"name\":\"10.1&#8243; Basic RTP HMI (PN-10AR02-00)\"}]},{\"@type\":\"WebSite\",\"@id\":\"https:\\\/\\\/www.fultek.com.tr\\\/magaza\\\/#website\",\"url\":\"https:\\\/\\\/www.fultek.com.tr\\\/magaza\\\/\",\"name\":\"FULTEK Market\",\"description\":\"Yerli SCADA PLC &Uuml;r&uuml;nleri\",\"potentialAction\":[{\"@type\":\"SearchAction\",\"target\":{\"@type\":\"EntryPoint\",\"urlTemplate\":\"https:\\\/\\\/www.fultek.com.tr\\\/magaza\\\/?s={search_term_string}\"},\"query-input\":{\"@type\":\"PropertyValueSpecification\",\"valueRequired\":true,\"valueName\":\"search_term_string\"}}],\"inLanguage\":\"tr\"}]}<\/script>\n<!-- \/ Yoast SEO plugin. -->","yoast_head_json":{"title":"10.1\" Basic RTP HMI (PN-10AR02-00) - FULTEK Market","robots":{"index":"index","follow":"follow","max-snippet":"max-snippet:-1","max-image-preview":"max-image-preview:large","max-video-preview":"max-video-preview:-1"},"canonical":"https:\/\/www.fultek.com.tr\/magaza\/urun\/10-1-basic-rtp-hmi-pn-10ar02-00\/","og_locale":"tr_TR","og_type":"article","og_title":"10.1\" Basic RTP HMI (PN-10AR02-00) - FULTEK Market","og_description":"Focus HMI - 10.1 in\u00e7 Basic RTP (PN-10AR02-00)","og_url":"https:\/\/www.fultek.com.tr\/magaza\/urun\/10-1-basic-rtp-hmi-pn-10ar02-00\/","og_site_name":"FULTEK Market","article_modified_time":"2025-10-08T16:13:14+00:00","og_image":[{"width":1024,"height":766,"url":"https:\/\/www.fultek.com.tr\/magaza\/wp-content\/uploads\/2021\/01\/4-1024x766-1.jpg","type":"image\/jpeg"}],"twitter_card":"summary_large_image","twitter_misc":{"Tahmini okuma s\u00fcresi":"1 dakika"},"schema":{"@context":"https:\/\/schema.org","@graph":[{"@type":"WebPage","@id":"https:\/\/www.fultek.com.tr\/magaza\/urun\/10-1-basic-rtp-hmi-pn-10ar02-00\/","url":"https:\/\/www.fultek.com.tr\/magaza\/urun\/10-1-basic-rtp-hmi-pn-10ar02-00\/","name":"10.1\" Basic RTP HMI (PN-10AR02-00) - FULTEK Market","isPartOf":{"@id":"https:\/\/www.fultek.com.tr\/magaza\/#website"},"primaryImageOfPage":{"@id":"https:\/\/www.fultek.com.tr\/magaza\/urun\/10-1-basic-rtp-hmi-pn-10ar02-00\/#primaryimage"},"image":{"@id":"https:\/\/www.fultek.com.tr\/magaza\/urun\/10-1-basic-rtp-hmi-pn-10ar02-00\/#primaryimage"},"thumbnailUrl":"https:\/\/www.fultek.com.tr\/magaza\/wp-content\/uploads\/2021\/01\/4-1024x766-1.jpg","datePublished":"2021-01-26T07:18:52+00:00","dateModified":"2025-10-08T16:13:14+00:00","breadcrumb":{"@id":"https:\/\/www.fultek.com.tr\/magaza\/urun\/10-1-basic-rtp-hmi-pn-10ar02-00\/#breadcrumb"},"inLanguage":"tr","potentialAction":[{"@type":"ReadAction","target":["https:\/\/www.fultek.com.tr\/magaza\/urun\/10-1-basic-rtp-hmi-pn-10ar02-00\/"]}]},{"@type":"ImageObject","inLanguage":"tr","@id":"https:\/\/www.fultek.com.tr\/magaza\/urun\/10-1-basic-rtp-hmi-pn-10ar02-00\/#primaryimage","url":"https:\/\/www.fultek.com.tr\/magaza\/wp-content\/uploads\/2021\/01\/4-1024x766-1.jpg","contentUrl":"https:\/\/www.fultek.com.tr\/magaza\/wp-content\/uploads\/2021\/01\/4-1024x766-1.jpg","width":1024,"height":766},{"@type":"BreadcrumbList","@id":"https:\/\/www.fultek.com.tr\/magaza\/urun\/10-1-basic-rtp-hmi-pn-10ar02-00\/#breadcrumb","itemListElement":[{"@type":"ListItem","position":1,"name":"Ana sayfa","item":"https:\/\/www.fultek.com.tr\/magaza\/"},{"@type":"ListItem","position":2,"name":"Sanal Ma\u011faza","item":"https:\/\/www.fultek.com.tr\/magaza\/"},{"@type":"ListItem","position":3,"name":"10.1&#8243; Basic RTP HMI (PN-10AR02-00)"}]},{"@type":"WebSite","@id":"https:\/\/www.fultek.com.tr\/magaza\/#website","url":"https:\/\/www.fultek.com.tr\/magaza\/","name":"FULTEK Market","description":"Yerli SCADA PLC &Uuml;r&uuml;nleri","potentialAction":[{"@type":"SearchAction","target":{"@type":"EntryPoint","urlTemplate":"https:\/\/www.fultek.com.tr\/magaza\/?s={search_term_string}"},"query-input":{"@type":"PropertyValueSpecification","valueRequired":true,"valueName":"search_term_string"}}],"inLanguage":"tr"}]}},"_links":{"self":[{"href":"https:\/\/www.fultek.com.tr\/magaza\/wp-json\/wp\/v2\/product\/906","targetHints":{"allow":["GET"]}}],"collection":[{"href":"https:\/\/www.fultek.com.tr\/magaza\/wp-json\/wp\/v2\/product"}],"about":[{"href":"https:\/\/www.fultek.com.tr\/magaza\/wp-json\/wp\/v2\/types\/product"}],"replies":[{"embeddable":true,"href":"https:\/\/www.fultek.com.tr\/magaza\/wp-json\/wp\/v2\/comments?post=906"}],"wp:featuredmedia":[{"embeddable":true,"href":"https:\/\/www.fultek.com.tr\/magaza\/wp-json\/wp\/v2\/media\/901"}],"wp:attachment":[{"href":"https:\/\/www.fultek.com.tr\/magaza\/wp-json\/wp\/v2\/media?parent=906"}],"wp:term":[{"taxonomy":"product_brand","embeddable":true,"href":"https:\/\/www.fultek.com.tr\/magaza\/wp-json\/wp\/v2\/product_brand?post=906"},{"taxonomy":"product_cat","embeddable":true,"href":"https:\/\/www.fultek.com.tr\/magaza\/wp-json\/wp\/v2\/product_cat?post=906"},{"taxonomy":"product_tag","embeddable":true,"href":"https:\/\/www.fultek.com.tr\/magaza\/wp-json\/wp\/v2\/product_tag?post=906"}],"curies":[{"name":"wp","href":"https:\/\/api.w.org\/{rel}","templated":true}]}}