{"id":145,"date":"2013-03-09T13:37:58","date_gmt":"2013-03-09T11:37:58","guid":{"rendered":"http:\/\/wintrscada.com\/?page_id=145"},"modified":"2014-05-06T15:10:06","modified_gmt":"2014-05-06T13:10:06","slug":"site-kullanimi","status":"publish","type":"page","link":"https:\/\/www.fultek.com.tr\/scada-yardim\/site-kullanimi\/","title":{"rendered":"Site Kullan\u0131m\u0131"},"content":{"rendered":"<p>WinTr Scada program\u0131 hakk\u0131nda sizlere daha fazla yard\u0131mc\u0131 olmak i\u00e7in her t\u00fcrl\u00fc \u00e7abay\u0131 g\u00f6steriyoruz. \u00c7al\u0131\u015fmalar\u0131m\u0131za bir yenisini daha ekledik. Sizden gelen sorular bu blog\u2019da en k\u0131sa zamanda cevaplanacakt\u0131r.<\/p>\n<p>Bu sitenin en \u00f6nemli \u00f6zelli\u011fi kategorilerdir. B\u00f6ylece \u00f6\u011frenmek istedi\u011finiz bilgilere ba\u015fl\u0131klar\u0131 t\u0131klayarak eri\u015febilirsiniz. Sizden gelecek sorular ve bizim ekledi\u011fimiz k\u0131sa makaleler ile sitemiz s\u00fcrekli b\u00fcy\u00fcyecektir. Site b\u00fcy\u00fcd\u00fck\u00e7e bilgi eri\u015fiminde s\u0131k\u0131nt\u0131 olmamas\u0131 i\u00e7in sorular\u0131n\u0131z\u0131 alakal\u0131 kategori i\u00e7in g\u00f6nderiniz. Bu sitede yer alan bilgilerden bir \u00e7ok ki\u015fi faydalanacakt\u0131r. Sordu\u011funuz her soru ba\u015fka bir ki\u015finin de faydalanmas\u0131na sebep olacakt\u0131r.<\/p>\n<p><strong>Daha \u00f6nce sorulmu\u015f bir soruya ek yapmak veya bizim ekledi\u011fimiz bir konuya cevap yazmak i\u00e7in sayfa alt\u0131nda bulunan k\u0131s\u0131mlar\u0131 kullanabilirsiniz. Yeni soru g\u00f6ndermek i\u00e7in soru g\u00f6nder butonunu kullanabilirsiniz.<\/strong><\/p>\n<p>Soru sormak veya cevap yazmak i\u00e7in sitemize \u00fcye olmal\u0131s\u0131n\u0131z. \u00dcyelik bilgileriniz hi\u00e7 bir kurum veya ki\u015fi ile payla\u015f\u0131lmayacakt\u0131r. Spam mailler g\u00f6nderilmeyecektir. Mail adresiniz blogumuz ve e\u011fitimlerimiz hakk\u0131nda bilgilendirmenin d\u0131\u015f\u0131nda bir ama\u00e7 i\u00e7in kullan\u0131lmayacakt\u0131r.<\/p>\n<p>Sorular\u0131n\u0131z\u0131 imla kurallar\u0131na ve g\u00fczel T\u00fcrk\u00e7emize yak\u0131\u015f\u0131r \u015fekilde yaz\u0131n\u0131z. G\u00f6r\u00fc\u015f ve \u00f6nerilerinizi Sizden Gelenler b\u00f6l\u00fcm\u00fcne yazabilir veya Bize Ula\u015f\u0131n sayfas\u0131ndan mail yolu ile bildirebilirsiniz. Firmam\u0131z\u0131n di\u011fer \u00fcr\u00fcnleri i\u00e7in kurumsal sitemizi ziyaret ediniz. <a title=\"Scada \u00fcreticisi\" href=\"http:\/\/www.fultek.com.tr\" target=\"_blank\">www.fultek.com.tr<\/a><\/p>\n<p><strong>Sitemize \u00fcye olmak i\u00e7in <a title=\"\u00dcye Ol\" href=\"http:\/\/fultek.com.tr\/scada-yardim\/wp-login.php?action=register\">buray\u0131<\/a> t\u0131klay\u0131n\u0131z.<\/strong><\/p>\n<div class='et-box et-info'>\n\t\t\t\t\t<div class='et-box-content'><p>Her t\u00fcrl\u00fc d\u00fc\u015f\u00fcncenizi payla\u015fabilmeniz i\u00e7in <strong>Sizden Gelenler<\/strong> b\u00f6l\u00fcm\u00fcn\u00fc a\u00e7t\u0131k.<\/p>\n<p>Blogumuzun bu b\u00f6l\u00fcm\u00fcnde neler yapabilirsiniz?<\/p>\n<ul>\n<li>Scada program\u0131 hakk\u0131nda bilgi payla\u015fabilirsiniz.<\/li>\n<li>Yapt\u0131\u011f\u0131n\u0131z projeleri, firman\u0131z\u0131\u00a0veya \u015fahs\u0131n\u0131z\u00a0tan\u0131tan bilgileri payla\u015fabilirsiniz.<\/li>\n<li>WinTr Scada program\u0131n\u0131n geli\u015ftirilmesi i\u00e7in \u00f6nerilerinizi yazabilirsiniz.<\/li>\n<li>WinTr Scada hakk\u0131ndaki d\u00fc\u015f\u00fcncelerinizi payla\u015fabilirsiniz.<\/li>\n<li>Firmam\u0131z hakk\u0131nda d\u00fc\u015f\u00fcncelerinizi payla\u015fabilirsiniz.<\/li>\n<li>K\u0131sacas\u0131 her t\u00fcrl\u00fc otomasyon i\u015fleri konusunda payla\u015f\u0131mda bulunabilirsiniz.<\/li>\n<\/ul>\n<p>Bu b\u00f6l\u00fcm\u00fc size ay\u0131rd\u0131k, Ba\u015fkalar\u0131n\u0131 incitmeyen her t\u00fcrl\u00fc yaz\u0131y\u0131 yazabilirsiniz. Di\u011fer b\u00f6l\u00fcmlerde yaz\u0131lanlar sizin i\u00e7in \u00f6nemli, bu sayede scada program\u0131n\u0131 daha iyi \u00f6\u011freneceksiniz. Bu b\u00f6l\u00fcm ise bizim i\u00e7in \u00f6nemli, yapt\u0131klar\u0131m\u0131z\u0131n sonu\u00e7lar\u0131n\u0131 g\u00f6r\u00fcp, eksiklerimizi \u00f6\u011frenece\u011fiz. Yazd\u0131klar\u0131n\u0131z ile sizleri daha iyi anlayaca\u011f\u0131z. L\u00fctfen yazmaktan \u00e7ekinmeyin. \u0130ki kelime dahi olsa bir \u015feyler yaz\u0131n.<\/p><\/div><\/div>\n<p>&nbsp;<\/p>\n","protected":false},"excerpt":{"rendered":"<p>WinTr Scada program\u0131 hakk\u0131nda sizlere daha fazla yard\u0131mc\u0131 olmak i\u00e7in her t\u00fcrl\u00fc \u00e7abay\u0131 g\u00f6steriyoruz. \u00c7al\u0131\u015fmalar\u0131m\u0131za bir yenisini daha ekledik. Sizden gelen sorular bu blog\u2019da en k\u0131sa zamanda cevaplanacakt\u0131r. Bu sitenin en \u00f6nemli \u00f6zelli\u011fi kategorilerdir. B\u00f6ylece \u00f6\u011frenmek istedi\u011finiz bilgilere ba\u015fl\u0131klar\u0131 t\u0131klayarak eri\u015febilirsiniz. Sizden gelecek sorular ve bizim ekledi\u011fimiz k\u0131sa makaleler ile sitemiz s\u00fcrekli b\u00fcy\u00fcyecektir. Site b\u00fcy\u00fcd\u00fck\u00e7e [&hellip;]<\/p>\n","protected":false},"author":1,"featured_media":0,"parent":0,"menu_order":1,"comment_status":"open","ping_status":"open","template":"","meta":{"footnotes":""},"class_list":["post-145","page","type-page","status-publish","hentry"],"yoast_head":"<!-- This site is optimized with the Yoast SEO plugin v27.3 - https:\/\/yoast.com\/product\/yoast-seo-wordpress\/ -->\n<title>Site Kullan\u0131m\u0131 - SCADA E\u011fitim Sitesi<\/title>\n<meta name=\"robots\" content=\"index, follow, max-snippet:-1, max-image-preview:large, max-video-preview:-1\" \/>\n<link rel=\"canonical\" href=\"https:\/\/www.fultek.com.tr\/scada-yardim\/site-kullanimi\/\" \/>\n<meta name=\"twitter:label1\" content=\"Tahmini okuma s\u00fcresi\" \/>\n\t<meta name=\"twitter:data1\" content=\"2 dakika\" \/>\n<script type=\"application\/ld+json\" class=\"yoast-schema-graph\">{\"@context\":\"https:\\\/\\\/schema.org\",\"@graph\":[{\"@type\":\"WebPage\",\"@id\":\"https:\\\/\\\/www.fultek.com.tr\\\/scada-yardim\\\/site-kullanimi\\\/\",\"url\":\"https:\\\/\\\/www.fultek.com.tr\\\/scada-yardim\\\/site-kullanimi\\\/\",\"name\":\"Site Kullan\u0131m\u0131 - SCADA E\u011fitim Sitesi\",\"isPartOf\":{\"@id\":\"https:\\\/\\\/www.fultek.com.tr\\\/scada-yardim\\\/#website\"},\"datePublished\":\"2013-03-09T11:37:58+00:00\",\"dateModified\":\"2014-05-06T13:10:06+00:00\",\"breadcrumb\":{\"@id\":\"https:\\\/\\\/www.fultek.com.tr\\\/scada-yardim\\\/site-kullanimi\\\/#breadcrumb\"},\"inLanguage\":\"tr\",\"potentialAction\":[{\"@type\":\"ReadAction\",\"target\":[\"https:\\\/\\\/www.fultek.com.tr\\\/scada-yardim\\\/site-kullanimi\\\/\"]}]},{\"@type\":\"BreadcrumbList\",\"@id\":\"https:\\\/\\\/www.fultek.com.tr\\\/scada-yardim\\\/site-kullanimi\\\/#breadcrumb\",\"itemListElement\":[{\"@type\":\"ListItem\",\"position\":1,\"name\":\"Home\",\"item\":\"https:\\\/\\\/www.fultek.com.tr\\\/scada-yardim\\\/\"},{\"@type\":\"ListItem\",\"position\":2,\"name\":\"Site Kullan\u0131m\u0131\"}]},{\"@type\":\"WebSite\",\"@id\":\"https:\\\/\\\/www.fultek.com.tr\\\/scada-yardim\\\/#website\",\"url\":\"https:\\\/\\\/www.fultek.com.tr\\\/scada-yardim\\\/\",\"name\":\"SCADA E\u011fitim Sitesi\",\"description\":\"SCADA program\u0131 hakk\u0131nda bilmek istedikleriniz.\",\"potentialAction\":[{\"@type\":\"SearchAction\",\"target\":{\"@type\":\"EntryPoint\",\"urlTemplate\":\"https:\\\/\\\/www.fultek.com.tr\\\/scada-yardim\\\/?s={search_term_string}\"},\"query-input\":{\"@type\":\"PropertyValueSpecification\",\"valueRequired\":true,\"valueName\":\"search_term_string\"}}],\"inLanguage\":\"tr\"}]}<\/script>\n<!-- \/ Yoast SEO plugin. -->","yoast_head_json":{"title":"Site Kullan\u0131m\u0131 - SCADA E\u011fitim Sitesi","robots":{"index":"index","follow":"follow","max-snippet":"max-snippet:-1","max-image-preview":"max-image-preview:large","max-video-preview":"max-video-preview:-1"},"canonical":"https:\/\/www.fultek.com.tr\/scada-yardim\/site-kullanimi\/","twitter_misc":{"Tahmini okuma s\u00fcresi":"2 dakika"},"schema":{"@context":"https:\/\/schema.org","@graph":[{"@type":"WebPage","@id":"https:\/\/www.fultek.com.tr\/scada-yardim\/site-kullanimi\/","url":"https:\/\/www.fultek.com.tr\/scada-yardim\/site-kullanimi\/","name":"Site Kullan\u0131m\u0131 - SCADA E\u011fitim Sitesi","isPartOf":{"@id":"https:\/\/www.fultek.com.tr\/scada-yardim\/#website"},"datePublished":"2013-03-09T11:37:58+00:00","dateModified":"2014-05-06T13:10:06+00:00","breadcrumb":{"@id":"https:\/\/www.fultek.com.tr\/scada-yardim\/site-kullanimi\/#breadcrumb"},"inLanguage":"tr","potentialAction":[{"@type":"ReadAction","target":["https:\/\/www.fultek.com.tr\/scada-yardim\/site-kullanimi\/"]}]},{"@type":"BreadcrumbList","@id":"https:\/\/www.fultek.com.tr\/scada-yardim\/site-kullanimi\/#breadcrumb","itemListElement":[{"@type":"ListItem","position":1,"name":"Home","item":"https:\/\/www.fultek.com.tr\/scada-yardim\/"},{"@type":"ListItem","position":2,"name":"Site Kullan\u0131m\u0131"}]},{"@type":"WebSite","@id":"https:\/\/www.fultek.com.tr\/scada-yardim\/#website","url":"https:\/\/www.fultek.com.tr\/scada-yardim\/","name":"SCADA E\u011fitim Sitesi","description":"SCADA program\u0131 hakk\u0131nda bilmek istedikleriniz.","potentialAction":[{"@type":"SearchAction","target":{"@type":"EntryPoint","urlTemplate":"https:\/\/www.fultek.com.tr\/scada-yardim\/?s={search_term_string}"},"query-input":{"@type":"PropertyValueSpecification","valueRequired":true,"valueName":"search_term_string"}}],"inLanguage":"tr"}]}},"_links":{"self":[{"href":"https:\/\/www.fultek.com.tr\/scada-yardim\/wp-json\/wp\/v2\/pages\/145","targetHints":{"allow":["GET"]}}],"collection":[{"href":"https:\/\/www.fultek.com.tr\/scada-yardim\/wp-json\/wp\/v2\/pages"}],"about":[{"href":"https:\/\/www.fultek.com.tr\/scada-yardim\/wp-json\/wp\/v2\/types\/page"}],"author":[{"embeddable":true,"href":"https:\/\/www.fultek.com.tr\/scada-yardim\/wp-json\/wp\/v2\/users\/1"}],"replies":[{"embeddable":true,"href":"https:\/\/www.fultek.com.tr\/scada-yardim\/wp-json\/wp\/v2\/comments?post=145"}],"version-history":[{"count":10,"href":"https:\/\/www.fultek.com.tr\/scada-yardim\/wp-json\/wp\/v2\/pages\/145\/revisions"}],"predecessor-version":[{"id":529,"href":"https:\/\/www.fultek.com.tr\/scada-yardim\/wp-json\/wp\/v2\/pages\/145\/revisions\/529"}],"wp:attachment":[{"href":"https:\/\/www.fultek.com.tr\/scada-yardim\/wp-json\/wp\/v2\/media?parent=145"}],"curies":[{"name":"wp","href":"https:\/\/api.w.org\/{rel}","templated":true}]}}