{"id":265,"date":"2013-03-09T19:29:11","date_gmt":"2013-03-09T17:29:11","guid":{"rendered":"http:\/\/wintrscada.com\/?page_id=265"},"modified":"2013-03-10T10:48:47","modified_gmt":"2013-03-10T08:48:47","slug":"site-haritasi","status":"publish","type":"page","link":"https:\/\/www.fultek.com.tr\/scada-yardim\/site-haritasi\/","title":{"rendered":"Site Haritas\u0131"},"content":{"rendered":"","protected":false},"excerpt":{"rendered":"","protected":false},"author":1,"featured_media":0,"parent":0,"menu_order":7,"comment_status":"open","ping_status":"open","template":"page-sitemap.php","meta":{"footnotes":""},"class_list":["post-265","page","type-page","status-publish","hentry"],"yoast_head":"<!-- This site is optimized with the Yoast SEO plugin v27.3 - https:\/\/yoast.com\/product\/yoast-seo-wordpress\/ -->\n<title>Site Haritas\u0131 - SCADA E\u011fitim Sitesi<\/title>\n<meta name=\"robots\" content=\"index, follow, max-snippet:-1, max-image-preview:large, max-video-preview:-1\" \/>\n<link rel=\"canonical\" href=\"https:\/\/www.fultek.com.tr\/scada-yardim\/site-haritasi\/\" \/>\n<script type=\"application\/ld+json\" class=\"yoast-schema-graph\">{\"@context\":\"https:\\\/\\\/schema.org\",\"@graph\":[{\"@type\":\"WebPage\",\"@id\":\"https:\\\/\\\/www.fultek.com.tr\\\/scada-yardim\\\/site-haritasi\\\/\",\"url\":\"https:\\\/\\\/www.fultek.com.tr\\\/scada-yardim\\\/site-haritasi\\\/\",\"name\":\"Site Haritas\u0131 - SCADA E\u011fitim Sitesi\",\"isPartOf\":{\"@id\":\"https:\\\/\\\/www.fultek.com.tr\\\/scada-yardim\\\/#website\"},\"datePublished\":\"2013-03-09T17:29:11+00:00\",\"dateModified\":\"2013-03-10T08:48:47+00:00\",\"breadcrumb\":{\"@id\":\"https:\\\/\\\/www.fultek.com.tr\\\/scada-yardim\\\/site-haritasi\\\/#breadcrumb\"},\"inLanguage\":\"tr\",\"potentialAction\":[{\"@type\":\"ReadAction\",\"target\":[\"https:\\\/\\\/www.fultek.com.tr\\\/scada-yardim\\\/site-haritasi\\\/\"]}]},{\"@type\":\"BreadcrumbList\",\"@id\":\"https:\\\/\\\/www.fultek.com.tr\\\/scada-yardim\\\/site-haritasi\\\/#breadcrumb\",\"itemListElement\":[{\"@type\":\"ListItem\",\"position\":1,\"name\":\"Home\",\"item\":\"https:\\\/\\\/www.fultek.com.tr\\\/scada-yardim\\\/\"},{\"@type\":\"ListItem\",\"position\":2,\"name\":\"Site Haritas\u0131\"}]},{\"@type\":\"WebSite\",\"@id\":\"https:\\\/\\\/www.fultek.com.tr\\\/scada-yardim\\\/#website\",\"url\":\"https:\\\/\\\/www.fultek.com.tr\\\/scada-yardim\\\/\",\"name\":\"SCADA E\u011fitim Sitesi\",\"description\":\"SCADA program\u0131 hakk\u0131nda bilmek istedikleriniz.\",\"potentialAction\":[{\"@type\":\"SearchAction\",\"target\":{\"@type\":\"EntryPoint\",\"urlTemplate\":\"https:\\\/\\\/www.fultek.com.tr\\\/scada-yardim\\\/?s={search_term_string}\"},\"query-input\":{\"@type\":\"PropertyValueSpecification\",\"valueRequired\":true,\"valueName\":\"search_term_string\"}}],\"inLanguage\":\"tr\"}]}<\/script>\n<!-- \/ Yoast SEO plugin. -->","yoast_head_json":{"title":"Site Haritas\u0131 - SCADA E\u011fitim Sitesi","robots":{"index":"index","follow":"follow","max-snippet":"max-snippet:-1","max-image-preview":"max-image-preview:large","max-video-preview":"max-video-preview:-1"},"canonical":"https:\/\/www.fultek.com.tr\/scada-yardim\/site-haritasi\/","schema":{"@context":"https:\/\/schema.org","@graph":[{"@type":"WebPage","@id":"https:\/\/www.fultek.com.tr\/scada-yardim\/site-haritasi\/","url":"https:\/\/www.fultek.com.tr\/scada-yardim\/site-haritasi\/","name":"Site Haritas\u0131 - SCADA E\u011fitim Sitesi","isPartOf":{"@id":"https:\/\/www.fultek.com.tr\/scada-yardim\/#website"},"datePublished":"2013-03-09T17:29:11+00:00","dateModified":"2013-03-10T08:48:47+00:00","breadcrumb":{"@id":"https:\/\/www.fultek.com.tr\/scada-yardim\/site-haritasi\/#breadcrumb"},"inLanguage":"tr","potentialAction":[{"@type":"ReadAction","target":["https:\/\/www.fultek.com.tr\/scada-yardim\/site-haritasi\/"]}]},{"@type":"BreadcrumbList","@id":"https:\/\/www.fultek.com.tr\/scada-yardim\/site-haritasi\/#breadcrumb","itemListElement":[{"@type":"ListItem","position":1,"name":"Home","item":"https:\/\/www.fultek.com.tr\/scada-yardim\/"},{"@type":"ListItem","position":2,"name":"Site Haritas\u0131"}]},{"@type":"WebSite","@id":"https:\/\/www.fultek.com.tr\/scada-yardim\/#website","url":"https:\/\/www.fultek.com.tr\/scada-yardim\/","name":"SCADA E\u011fitim Sitesi","description":"SCADA program\u0131 hakk\u0131nda bilmek istedikleriniz.","potentialAction":[{"@type":"SearchAction","target":{"@type":"EntryPoint","urlTemplate":"https:\/\/www.fultek.com.tr\/scada-yardim\/?s={search_term_string}"},"query-input":{"@type":"PropertyValueSpecification","valueRequired":true,"valueName":"search_term_string"}}],"inLanguage":"tr"}]}},"_links":{"self":[{"href":"https:\/\/www.fultek.com.tr\/scada-yardim\/wp-json\/wp\/v2\/pages\/265","targetHints":{"allow":["GET"]}}],"collection":[{"href":"https:\/\/www.fultek.com.tr\/scada-yardim\/wp-json\/wp\/v2\/pages"}],"about":[{"href":"https:\/\/www.fultek.com.tr\/scada-yardim\/wp-json\/wp\/v2\/types\/page"}],"author":[{"embeddable":true,"href":"https:\/\/www.fultek.com.tr\/scada-yardim\/wp-json\/wp\/v2\/users\/1"}],"replies":[{"embeddable":true,"href":"https:\/\/www.fultek.com.tr\/scada-yardim\/wp-json\/wp\/v2\/comments?post=265"}],"version-history":[{"count":7,"href":"https:\/\/www.fultek.com.tr\/scada-yardim\/wp-json\/wp\/v2\/pages\/265\/revisions"}],"predecessor-version":[{"id":286,"href":"https:\/\/www.fultek.com.tr\/scada-yardim\/wp-json\/wp\/v2\/pages\/265\/revisions\/286"}],"wp:attachment":[{"href":"https:\/\/www.fultek.com.tr\/scada-yardim\/wp-json\/wp\/v2\/media?parent=265"}],"curies":[{"name":"wp","href":"https:\/\/api.w.org\/{rel}","templated":true}]}}