{"id":67,"date":"2013-03-08T18:35:16","date_gmt":"2013-03-08T16:35:16","guid":{"rendered":"http:\/\/wintrscada.com\/?page_id=67"},"modified":"2017-11-03T10:58:40","modified_gmt":"2017-11-03T08:58:40","slug":"soru-gonder","status":"publish","type":"page","link":"https:\/\/www.fultek.com.tr\/scada-yardim\/soru-gonder\/","title":{"rendered":"Soru G\u00f6nder"},"content":{"rendered":"","protected":false},"excerpt":{"rendered":"","protected":false},"author":1,"featured_media":0,"parent":0,"menu_order":4,"comment_status":"open","ping_status":"open","template":"page-register.php","meta":{"footnotes":""},"class_list":["post-67","page","type-page","status-publish","hentry"],"yoast_head":"<!-- This site is optimized with the Yoast SEO plugin v27.3 - https:\/\/yoast.com\/product\/yoast-seo-wordpress\/ -->\n<title>Soru G\u00f6nder - SCADA E\u011fitim Sitesi<\/title>\n<meta name=\"robots\" content=\"index, follow, max-snippet:-1, max-image-preview:large, max-video-preview:-1\" \/>\n<link rel=\"canonical\" href=\"https:\/\/www.fultek.com.tr\/scada-yardim\/soru-gonder\/\" \/>\n<script type=\"application\/ld+json\" class=\"yoast-schema-graph\">{\"@context\":\"https:\\\/\\\/schema.org\",\"@graph\":[{\"@type\":\"WebPage\",\"@id\":\"https:\\\/\\\/www.fultek.com.tr\\\/scada-yardim\\\/soru-gonder\\\/\",\"url\":\"https:\\\/\\\/www.fultek.com.tr\\\/scada-yardim\\\/soru-gonder\\\/\",\"name\":\"Soru G\u00f6nder - SCADA E\u011fitim Sitesi\",\"isPartOf\":{\"@id\":\"https:\\\/\\\/www.fultek.com.tr\\\/scada-yardim\\\/#website\"},\"datePublished\":\"2013-03-08T16:35:16+00:00\",\"dateModified\":\"2017-11-03T08:58:40+00:00\",\"breadcrumb\":{\"@id\":\"https:\\\/\\\/www.fultek.com.tr\\\/scada-yardim\\\/soru-gonder\\\/#breadcrumb\"},\"inLanguage\":\"tr\",\"potentialAction\":[{\"@type\":\"ReadAction\",\"target\":[\"https:\\\/\\\/www.fultek.com.tr\\\/scada-yardim\\\/soru-gonder\\\/\"]}]},{\"@type\":\"BreadcrumbList\",\"@id\":\"https:\\\/\\\/www.fultek.com.tr\\\/scada-yardim\\\/soru-gonder\\\/#breadcrumb\",\"itemListElement\":[{\"@type\":\"ListItem\",\"position\":1,\"name\":\"Home\",\"item\":\"https:\\\/\\\/www.fultek.com.tr\\\/scada-yardim\\\/\"},{\"@type\":\"ListItem\",\"position\":2,\"name\":\"Soru G\u00f6nder\"}]},{\"@type\":\"WebSite\",\"@id\":\"https:\\\/\\\/www.fultek.com.tr\\\/scada-yardim\\\/#website\",\"url\":\"https:\\\/\\\/www.fultek.com.tr\\\/scada-yardim\\\/\",\"name\":\"SCADA E\u011fitim Sitesi\",\"description\":\"SCADA program\u0131 hakk\u0131nda bilmek istedikleriniz.\",\"potentialAction\":[{\"@type\":\"SearchAction\",\"target\":{\"@type\":\"EntryPoint\",\"urlTemplate\":\"https:\\\/\\\/www.fultek.com.tr\\\/scada-yardim\\\/?s={search_term_string}\"},\"query-input\":{\"@type\":\"PropertyValueSpecification\",\"valueRequired\":true,\"valueName\":\"search_term_string\"}}],\"inLanguage\":\"tr\"}]}<\/script>\n<!-- \/ Yoast SEO plugin. -->","yoast_head_json":{"title":"Soru G\u00f6nder - SCADA E\u011fitim Sitesi","robots":{"index":"index","follow":"follow","max-snippet":"max-snippet:-1","max-image-preview":"max-image-preview:large","max-video-preview":"max-video-preview:-1"},"canonical":"https:\/\/www.fultek.com.tr\/scada-yardim\/soru-gonder\/","schema":{"@context":"https:\/\/schema.org","@graph":[{"@type":"WebPage","@id":"https:\/\/www.fultek.com.tr\/scada-yardim\/soru-gonder\/","url":"https:\/\/www.fultek.com.tr\/scada-yardim\/soru-gonder\/","name":"Soru G\u00f6nder - SCADA E\u011fitim Sitesi","isPartOf":{"@id":"https:\/\/www.fultek.com.tr\/scada-yardim\/#website"},"datePublished":"2013-03-08T16:35:16+00:00","dateModified":"2017-11-03T08:58:40+00:00","breadcrumb":{"@id":"https:\/\/www.fultek.com.tr\/scada-yardim\/soru-gonder\/#breadcrumb"},"inLanguage":"tr","potentialAction":[{"@type":"ReadAction","target":["https:\/\/www.fultek.com.tr\/scada-yardim\/soru-gonder\/"]}]},{"@type":"BreadcrumbList","@id":"https:\/\/www.fultek.com.tr\/scada-yardim\/soru-gonder\/#breadcrumb","itemListElement":[{"@type":"ListItem","position":1,"name":"Home","item":"https:\/\/www.fultek.com.tr\/scada-yardim\/"},{"@type":"ListItem","position":2,"name":"Soru G\u00f6nder"}]},{"@type":"WebSite","@id":"https:\/\/www.fultek.com.tr\/scada-yardim\/#website","url":"https:\/\/www.fultek.com.tr\/scada-yardim\/","name":"SCADA E\u011fitim Sitesi","description":"SCADA program\u0131 hakk\u0131nda bilmek istedikleriniz.","potentialAction":[{"@type":"SearchAction","target":{"@type":"EntryPoint","urlTemplate":"https:\/\/www.fultek.com.tr\/scada-yardim\/?s={search_term_string}"},"query-input":{"@type":"PropertyValueSpecification","valueRequired":true,"valueName":"search_term_string"}}],"inLanguage":"tr"}]}},"_links":{"self":[{"href":"https:\/\/www.fultek.com.tr\/scada-yardim\/wp-json\/wp\/v2\/pages\/67","targetHints":{"allow":["GET"]}}],"collection":[{"href":"https:\/\/www.fultek.com.tr\/scada-yardim\/wp-json\/wp\/v2\/pages"}],"about":[{"href":"https:\/\/www.fultek.com.tr\/scada-yardim\/wp-json\/wp\/v2\/types\/page"}],"author":[{"embeddable":true,"href":"https:\/\/www.fultek.com.tr\/scada-yardim\/wp-json\/wp\/v2\/users\/1"}],"replies":[{"embeddable":true,"href":"https:\/\/www.fultek.com.tr\/scada-yardim\/wp-json\/wp\/v2\/comments?post=67"}],"version-history":[{"count":5,"href":"https:\/\/www.fultek.com.tr\/scada-yardim\/wp-json\/wp\/v2\/pages\/67\/revisions"}],"predecessor-version":[{"id":277,"href":"https:\/\/www.fultek.com.tr\/scada-yardim\/wp-json\/wp\/v2\/pages\/67\/revisions\/277"}],"wp:attachment":[{"href":"https:\/\/www.fultek.com.tr\/scada-yardim\/wp-json\/wp\/v2\/media?parent=67"}],"curies":[{"name":"wp","href":"https:\/\/api.w.org\/{rel}","templated":true}]}}